{"id":16,"date":"2009-06-16T17:16:12","date_gmt":"2009-06-16T15:16:12","guid":{"rendered":"http:\/\/www.varmatennis.com\/?page_id=16"},"modified":"2015-10-05T10:44:50","modified_gmt":"2015-10-05T08:44:50","slug":"ajo-ohje","status":"publish","type":"page","link":"http:\/\/www.varmatennis.com\/wordpress\/ajo-ohje\/","title":{"rendered":"Ajo-ohje"},"content":{"rendered":"<p>T\u00e4m\u00e4n kartan avulla l\u00f6yd\u00e4t helposti perille. Voit hakea ohjeet paikalle valitsemalla Varma Tennisklubin osoittimesta\u00a0&#8220;Get directions&#8221;, jolloin avautuu uusi sivu, johon voit antaa oman osoitteesi ja saat oikean ajoreitin piirrettyn\u00e4 kartalle ja tekstin\u00e4 (englanniksi) karttakuvan alle.<\/p>\n<div class=\"here-maps-map-container\" style=\"height:400px;width:100%;\"><iframe loading=\"lazy\" id=\"here_map_id_283d361fd40c3164678b1c9ff7505e1e\" frameborder=\"no\" scrolling=\"no\" height=\"100%\" width=\"100%\" src=\"http:\/\/www.varmatennis.com\/wordpress\/?plugin=here-maps&amp;action=showmap&amp;place[]=60.2366409%7C24.8636303%7CRuosilankuja+12%2C+FI-00390+Helsinki%7CVarma+Tennisklubi+VTK&amp;center=60.2366409|24.8636303&amp;zoom=15&amp;map_mode=map.normal&amp;hidden=zoom|full_screen&amp;template=tooltip\" >Iframes not supported<\/iframe><\/div>\n","protected":false},"excerpt":{"rendered":"<p>T\u00e4m\u00e4n kartan avulla l\u00f6yd\u00e4t helposti perille. Voit hakea ohjeet paikalle valitsemalla Varma Tennisklubin osoittimesta\u00a0&#8220;Get directions&#8221;, jolloin avautuu uusi sivu, johon voit antaa oman osoitteesi ja saat oikean ajoreitin piirrettyn\u00e4 kartalle ja tekstin\u00e4 (englanniksi) karttakuvan alle.<\/p>\n","protected":false},"author":4,"featured_media":0,"parent":0,"menu_order":3,"comment_status":"closed","ping_status":"closed","template":"","meta":{"ngg_post_thumbnail":0,"footnotes":""},"class_list":["post-16","page","type-page","status-publish","hentry"],"aioseo_notices":[],"jetpack_sharing_enabled":true,"jetpack_likes_enabled":false,"jetpack-related-posts":[],"_links":{"self":[{"href":"http:\/\/www.varmatennis.com\/wordpress\/wp-json\/wp\/v2\/pages\/16","targetHints":{"allow":["GET"]}}],"collection":[{"href":"http:\/\/www.varmatennis.com\/wordpress\/wp-json\/wp\/v2\/pages"}],"about":[{"href":"http:\/\/www.varmatennis.com\/wordpress\/wp-json\/wp\/v2\/types\/page"}],"author":[{"embeddable":true,"href":"http:\/\/www.varmatennis.com\/wordpress\/wp-json\/wp\/v2\/users\/4"}],"replies":[{"embeddable":true,"href":"http:\/\/www.varmatennis.com\/wordpress\/wp-json\/wp\/v2\/comments?post=16"}],"version-history":[{"count":26,"href":"http:\/\/www.varmatennis.com\/wordpress\/wp-json\/wp\/v2\/pages\/16\/revisions"}],"predecessor-version":[{"id":716,"href":"http:\/\/www.varmatennis.com\/wordpress\/wp-json\/wp\/v2\/pages\/16\/revisions\/716"}],"wp:attachment":[{"href":"http:\/\/www.varmatennis.com\/wordpress\/wp-json\/wp\/v2\/media?parent=16"}],"curies":[{"name":"wp","href":"https:\/\/api.w.org\/{rel}","templated":true}]}}