{"id":4,"date":"2009-06-15T19:47:26","date_gmt":"2009-06-15T17:47:26","guid":{"rendered":"http:\/\/www.varmatennis.com\/wordpress\/?page_id=4"},"modified":"2018-05-15T07:53:52","modified_gmt":"2018-05-15T05:53:52","slug":"tahan-avataan-varma-tennisklubi-vtk-ryn-uudet-sivut","status":"publish","type":"page","link":"http:\/\/www.varmatennis.com\/wordpress\/","title":{"rendered":"Etusivu"},"content":{"rendered":"<p><a title=\"Mukavaa tunnelmaa!\" href=\"http:\/\/www.varmatennis.com\/wordpress\/wp-content\/gallery\/varma-tenniksen-pelikuvia\/img_3118-1.jpg\"><img decoding=\"async\" width=\"50%\" height=\"50%\" class=\"alignleft wp-image-4294\" alt=\"Varma tunnelma!\" src=\"http:\/\/www.varmatennis.com\/wordpress\/wp-content\/gallery\/varma-tenniksen-pelikuvia\/img_3118-1.jpg\"><\/a>Varma Tennisklubi toimii omilla kentill\u00e4. K\u00e4yt\u00f6ss\u00e4 on vuoden 2009 alussa valmistunut kaksikentt\u00e4inen kiinte\u00e4 halli ja kes\u00e4kaudesta 2012 alkaen kolme huipputason massakentt\u00e4\u00e4 sek\u00e4 kes\u00e4kaudesta 2018 alkaen kaksi erinomaista kovaa ulkokentt\u00e4\u00e4. Hallin yhteydess\u00e4 on pukeutumis-ja suihkutilat sek\u00e4 tennistarvikemyym\u00e4l\u00e4.<\/p>\n<p>Kenttien aukioloajat ovat arkisin 08.00 &#8211; 23.00 ja viikonloppuisin 08.00 &#8211; 23.00.<\/p>\n<p>Bino ja Santtu Varmalla on vuosien kokemus eri tasoilla olevien pelaajien opetuksesta tenniksess\u00e4. Santt<a title=\"Pelataan sulkapalloa!\" href=\"http:\/\/www.varmatennis.com\/wordpress\/wp-content\/gallery\/varma-tenniksen-pelikuvia\/img_3077-1.jpg\"><img decoding=\"async\" width=\"50%\" height=\"50%\" class=\"alignright\" alt=\"img_3077-1\" src=\"http:\/\/www.varmatennis.com\/wordpress\/wp-content\/gallery\/varma-tenniksen-pelikuvia\/img_3077-1.jpg\"><\/a>u on my\u00f6s salibandyvalmentaja. Opetuskielen\u00e4 on suomi tai englanti. Valmennukseen sis\u00e4ltyy tekniikan ja taktiikan opetusta, virheiden korjausta ja peliharjoituksia.<\/p>\n<p>Voit varata salibandy-, tennis ja sulkapallovuoroja.<\/p>\n<p>Meilt\u00e4 saat tennis-, sulkapallo- ja squashmailojen j\u00e4nnitykset&nbsp;sek\u00e4 tennisvarusteet edullisesti.<\/p>\n<p>Osallistu Varma Tennisklubin omiin kilpailuihin. Liity ja edusta Varma Tennisklubia Suomen Tennisliiton ranking-kilpailuissa. &nbsp; <strong>Yhteystiedot l\u00f6ytyv\u00e4t sivun alalaidasta. Jos kiinte\u00e4 numero ei vastaa, yrit\u00e4 tavoittaa Santtu <\/strong><strong>numerosta&nbsp;0400 707 444.&nbsp;<\/strong><\/p>\n<hr>\n<p><a title=\"Rennosti upeilla ulkokentill\u00e4!\" href=\"http:\/\/www.varmatennis.com\/wordpress\/wp-content\/gallery\/varma-tenniksen-pelikuvia\/img_3143-1.jpg\"><span style=\"color: #0000ff;\"><img decoding=\"async\" width=\"50%\" height=\"50%\" class=\"alignleft\" alt=\"Tunnelmaa upeilla ulkokentill\u00e4!\" src=\"http:\/\/www.varmatennis.com\/wordpress\/wp-content\/gallery\/varma-tenniksen-pelikuvia\/img_3143-1.jpg\"><\/span><\/a><\/p>\n<p><span style=\"color: #000000;\">Toukokuun 2012 lopulla otettiin k\u00e4ytt\u00f6\u00f6n uudet massakent\u00e4t, jotka&nbsp;on p\u00e4\u00e4llystetty samalla tiilimurskalla kuin Ranskan avoimissa Roland Garrosilla on. N\u00e4m\u00e4 ovat Suomen parhaat massakent\u00e4t, tule kokeilemaan ja pelaamaan ulkona mukavassa ymp\u00e4rist\u00f6ss\u00e4!<\/p>\n<p>Kaksi kovapintaista ulkokentt\u00e4\u00e4 otettiin k\u00e4ytt\u00f6\u00f6n 14.5.2018, joten nyt ulkokentti\u00e4 on yhteens\u00e4 viisi &#8211; voit valita erinomaisen massakent\u00e4n tai kovan kent\u00e4n v\u00e4lill\u00e4!<br \/>\n<\/span><\/p>\n","protected":false},"excerpt":{"rendered":"<p>Varma Tennisklubi toimii omilla kentill\u00e4. K\u00e4yt\u00f6ss\u00e4 on vuoden 2009 alussa valmistunut kaksikentt\u00e4inen kiinte\u00e4 halli ja kes\u00e4kaudesta 2012 alkaen kolme huipputason massakentt\u00e4\u00e4 sek\u00e4 kes\u00e4kaudesta 2018 alkaen kaksi erinomaista kovaa ulkokentt\u00e4\u00e4. Hallin yhteydess\u00e4 on pukeutumis-ja suihkutilat sek\u00e4 tennistarvikemyym\u00e4l\u00e4. Kenttien aukioloajat ovat arkisin 08.00 &#8211; 23.00 ja viikonloppuisin 08.00 &#8211; 23.00. Bino ja Santtu Varmalla on vuosien kokemus [&#8230;] &rarr; Lue lis\u00e4\u00e4.. <a href=\"http:\/\/www.varmatennis.com\/wordpress\/\">Etusivu<\/a><\/p>\n","protected":false},"author":4,"featured_media":0,"parent":0,"menu_order":0,"comment_status":"closed","ping_status":"closed","template":"page.php","meta":{"ngg_post_thumbnail":0,"footnotes":""},"class_list":["post-4","page","type-page","status-publish","hentry"],"aioseo_notices":[],"jetpack_sharing_enabled":true,"jetpack_likes_enabled":false,"jetpack-related-posts":[],"_links":{"self":[{"href":"http:\/\/www.varmatennis.com\/wordpress\/wp-json\/wp\/v2\/pages\/4","targetHints":{"allow":["GET"]}}],"collection":[{"href":"http:\/\/www.varmatennis.com\/wordpress\/wp-json\/wp\/v2\/pages"}],"about":[{"href":"http:\/\/www.varmatennis.com\/wordpress\/wp-json\/wp\/v2\/types\/page"}],"author":[{"embeddable":true,"href":"http:\/\/www.varmatennis.com\/wordpress\/wp-json\/wp\/v2\/users\/4"}],"replies":[{"embeddable":true,"href":"http:\/\/www.varmatennis.com\/wordpress\/wp-json\/wp\/v2\/comments?post=4"}],"version-history":[{"count":50,"href":"http:\/\/www.varmatennis.com\/wordpress\/wp-json\/wp\/v2\/pages\/4\/revisions"}],"predecessor-version":[{"id":932,"href":"http:\/\/www.varmatennis.com\/wordpress\/wp-json\/wp\/v2\/pages\/4\/revisions\/932"}],"wp:attachment":[{"href":"http:\/\/www.varmatennis.com\/wordpress\/wp-json\/wp\/v2\/media?parent=4"}],"curies":[{"name":"wp","href":"https:\/\/api.w.org\/{rel}","templated":true}]}}